{"id":299,"date":"2020-12-06T09:52:26","date_gmt":"2020-12-06T08:52:26","guid":{"rendered":"https:\/\/www.caprionboard.com\/?page_id=299"},"modified":"2020-12-06T10:15:01","modified_gmt":"2020-12-06T09:15:01","slug":"cookie-policy","status":"publish","type":"page","link":"https:\/\/www.caprionboard.com\/it\/cookie-policy\/","title":{"rendered":"Cookie Policy"},"content":{"rendered":"<div class=\"row\"><div class=\"container\"><div class=\"cli_pg_page_contaner\"><h3>Informazioni su questa cookie policy<\/h3><div><p>Questa Cookie Policy spiega cosa sono i cookie e come li utilizziamo. Dovresti leggere questa politica per capire cosa sono i cookie, come li usiamo, i tipi di cookie che utilizziamo, cio\u00e8 le informazioni che raccogliamo utilizzando i cookie e come tali informazioni vengono utilizzate e come controllare le preferenze dei cookie. Per ulteriori informazioni su come utilizziamo, archiviamo e proteggiamo i tuoi dati personali, consulta la nostra Informativa sulla privacy.<\/p><p>Puoi in qualsiasi momento modificare o revocare il tuo consenso dalla Dichiarazione sui cookie sul nostro sito web.<br \/>Scopri di pi\u00f9 su chi siamo, come puoi contattarci e come trattiamo i dati personali nella nostra Informativa sulla privacy.<br \/>Il tuo consenso si applica ai seguenti domini: caprionboard.com<\/p><div class=\"cli_user_consent_state\">Il tuo stato attuale: Non \u00e8 stato concesso alcun consenso. <a class=\"cli_manage_current_consent\" style=\"cursor:pointer;text-decoration:underline;\">Gestisci il tuo consenso.<\/a> <\/div><\/div><h3>Cosa sono i cookies?<\/h3><div>I cookie sono piccoli file di testo che vengono utilizzati per memorizzare piccole informazioni. I cookie vengono memorizzati sul tuo dispositivo quando il sito web viene caricato sul tuo browser. Questi cookie ci aiutano a far funzionare correttamente il sito Web, a renderlo pi\u00f9 sicuro, a fornire una migliore esperienza utente e a capire come funziona il sito Web e ad analizzare cosa funziona e dove deve essere migliorato.<\/div><h3>Come utilizziamo i cookie?<\/h3><div><p>Come la maggior parte dei servizi online, il nostro sito web utilizza cookie proprietari e cookie di terze parti per diversi scopi. I cookie proprietari sono per lo pi\u00f9 necessari affinch\u00e9 il sito web funzioni nel modo giusto e non raccolgono nessuno dei tuoi dati personali identificabili.<\/p><p>I cookie di terze parti utilizzati sui nostri siti Web vengono utilizzati principalmente per capire come funziona il sito Web, come interagisci con il nostro sito Web, mantenere i nostri servizi protetti, fornire annunci pubblicitari pertinenti per te e, nel complesso, fornirti un servizio migliore e migliorato esperienza utente e contribuire ad accelerare le future interazioni con il nostro sito web.<\/p><\/div><h3>Che tipi di cookie utilizziamo?<\/h3><div><p>Essenziali: alcuni cookie sono essenziali per poter sperimentare la piena funzionalit\u00e0 del nostro sito. Ci consentono di mantenere le sessioni utente e prevenire eventuali minacce alla sicurezza. Non raccolgono n\u00e9 memorizzano alcuna informazione personale. Ad esempio, questi cookie ti consentono di accedere al tuo account, aggiungere prodotti al carrello e effettuare il checkout in modo sicuro.<\/p><p>Statistiche: questi cookie memorizzano informazioni come il numero di visitatori del sito Web, il numero di visitatori unici, quali pagine del sito Web sono state visitate, l&#8217;origine della visita, ecc. Questi dati ci aiutano a capire e analizzare il rendimento del sito Web e dove necessita di miglioramento.<\/p><p>Marketing: il nostro sito web mostra annunci pubblicitari. Questi cookie vengono utilizzati per personalizzare gli annunci pubblicitari che ti mostriamo in modo che siano significativi per te. Questi cookie ci aiutano anche a tenere traccia dell&#8217;efficienza di queste campagne pubblicitarie.<br \/>Le informazioni memorizzate in questi cookie possono anche essere utilizzate dai fornitori di annunci di terze parti per mostrarti annunci anche su altri siti Web sul browser.<\/p><p>Funzionale: questi sono i cookie che aiutano alcune funzionalit\u00e0 non essenziali sul nostro sito web. Queste funzionalit\u00e0 includono l&#8217;incorporamento di contenuti come video o la condivisione di contenuti sul sito Web su piattaforme di social media.<\/p><p>Preferenze: questi cookie ci aiutano a memorizzare le tue impostazioni e preferenze di navigazione come le preferenze della lingua in modo da avere un&#8217;esperienza migliore ed efficiente nelle future visite al sito web.<\/p><p>The below list details the cookies used in our website.<\/p><table class=\"cookielawinfo-row-cat-table cookielawinfo-classic\"><thead><tr><th class=\"cookielawinfo-column-1\">Cookie<\/th><th class=\"cookielawinfo-column-4\">Descrizione<\/th><\/tr><\/thead><tbody><tr class=\"cookielawinfo-row\"><td class=\"cookielawinfo-column-1\">Cookie Law Checkbox<\/td><td class=\"cookielawinfo-column-4\">Cookie per il consenso della privacy<\/td><\/tr><tr class=\"cookielawinfo-row\"><td class=\"cookielawinfo-column-1\">Cookie Law Checkbox<\/td><td class=\"cookielawinfo-column-4\">Cookie per il consenso della privacy<\/td><\/tr><tr class=\"cookielawinfo-row\"><td class=\"cookielawinfo-column-1\">Cookie Law Info Consent<\/td><td class=\"cookielawinfo-column-4\">Info sul consenso<\/td><\/tr><tr class=\"cookielawinfo-row\"><td class=\"cookielawinfo-column-1\">Viewed Cookie Policy<\/td><td class=\"cookielawinfo-column-4\">Pagina cookie policy visualizzata<\/td><\/tr><\/tbody><\/table><\/div><h3>Come posso controllare le preferenze sui cookie?<\/h3><div><p>Se decidi di modificare le tue preferenze in un secondo momento durante la sessione di navigazione, puoi fare clic sulla scheda &#8220;Privacy e Cookie Policy&#8221; sullo schermo. Ci\u00f2 visualizzer\u00e0 nuovamente l&#8217;avviso di consenso che ti consentir\u00e0 di modificare le tue preferenze o revocare completamente il tuo consenso.<\/p><p>Oltre a ci\u00f2, diversi browser forniscono diversi metodi per bloccare ed eliminare i cookie utilizzati dai siti web. Puoi modificare le impostazioni del tuo browser per bloccare \/ eliminare i cookie. Per saperne di pi\u00f9 su come gestire ed eliminare i cookie, visitare wikipedia.org, www.allaboutcookies.org.<\/p><\/div><\/div><\/div><\/div>","protected":false},"excerpt":{"rendered":"Informazioni su questa cookie policyQuesta Cookie Policy spiega cosa sono i cookie e come li utilizziamo. Dovresti leggere questa politica per capire cosa sono i cookie, come li usiamo, i tipi di cookie che utilizziamo, cio\u00e8 le informazioni che raccogliamo utilizzando i cookie e come tali informazioni vengono utilizzate e come controllare le preferenze dei [&hellip;]","protected":false},"author":1,"featured_media":0,"parent":0,"menu_order":0,"comment_status":"closed","ping_status":"closed","template":"","meta":{"footnotes":""},"class_list":["post-299","page","type-page","status-publish","hentry"],"yoast_head":"<!-- This site is optimized with the Yoast SEO plugin v26.1.1 - https:\/\/yoast.com\/wordpress\/plugins\/seo\/ -->\n<title>Cookie Policy | Capri on Board<\/title>\n<meta name=\"robots\" content=\"index, follow, max-snippet:-1, max-image-preview:large, max-video-preview:-1\" \/>\n<link rel=\"canonical\" href=\"https:\/\/www.caprionboard.com\/it\/cookie-policy\/\" \/>\n<meta property=\"og:locale\" content=\"it_IT\" \/>\n<meta property=\"og:type\" content=\"article\" \/>\n<meta property=\"og:title\" content=\"Cookie Policy | Capri on Board\" \/>\n<meta property=\"og:description\" content=\"Informazioni su questa cookie policyQuesta Cookie Policy spiega cosa sono i cookie e come li utilizziamo. Dovresti leggere questa politica per capire cosa sono i cookie, come li usiamo, i tipi di cookie che utilizziamo, cio\u00e8 le informazioni che raccogliamo utilizzando i cookie e come tali informazioni vengono utilizzate e come controllare le preferenze dei [&hellip;]\" \/>\n<meta property=\"og:url\" content=\"https:\/\/www.caprionboard.com\/cookie-policy\/\" \/>\n<meta property=\"og:site_name\" content=\"Capri on Board\" \/>\n<meta property=\"article:modified_time\" content=\"2020-12-06T09:15:01+00:00\" \/>\n<meta name=\"twitter:label1\" content=\"Tempo di lettura stimato\" \/>\n\t<meta name=\"twitter:data1\" content=\"3 minuti\" \/>\n<script type=\"application\/ld+json\" class=\"yoast-schema-graph\">{\"@context\":\"https:\/\/schema.org\",\"@graph\":[{\"@type\":\"WebPage\",\"@id\":\"https:\/\/www.caprionboard.com\/cookie-policy\/\",\"url\":\"https:\/\/www.caprionboard.com\/cookie-policy\/\",\"name\":\"Cookie Policy | Capri on Board\",\"isPartOf\":{\"@id\":\"https:\/\/www.caprionboard.com\/#website\"},\"datePublished\":\"2020-12-06T08:52:26+00:00\",\"dateModified\":\"2020-12-06T09:15:01+00:00\",\"breadcrumb\":{\"@id\":\"https:\/\/www.caprionboard.com\/cookie-policy\/#breadcrumb\"},\"inLanguage\":\"it-IT\",\"potentialAction\":[{\"@type\":\"ReadAction\",\"target\":[\"https:\/\/www.caprionboard.com\/cookie-policy\/\"]}]},{\"@type\":\"BreadcrumbList\",\"@id\":\"https:\/\/www.caprionboard.com\/cookie-policy\/#breadcrumb\",\"itemListElement\":[{\"@type\":\"ListItem\",\"position\":1,\"name\":\"Home\",\"item\":\"https:\/\/www.caprionboard.com\/it\/\"},{\"@type\":\"ListItem\",\"position\":2,\"name\":\"Cookie Policy\"}]},{\"@type\":\"WebSite\",\"@id\":\"https:\/\/www.caprionboard.com\/#website\",\"url\":\"https:\/\/www.caprionboard.com\/\",\"name\":\"Capri on Board\",\"description\":\"Yacht Management Company\",\"potentialAction\":[{\"@type\":\"SearchAction\",\"target\":{\"@type\":\"EntryPoint\",\"urlTemplate\":\"https:\/\/www.caprionboard.com\/?s={search_term_string}\"},\"query-input\":{\"@type\":\"PropertyValueSpecification\",\"valueRequired\":true,\"valueName\":\"search_term_string\"}}],\"inLanguage\":\"it-IT\"}]}<\/script>\n<!-- \/ Yoast SEO plugin. -->","yoast_head_json":{"title":"Cookie Policy | Capri on Board","robots":{"index":"index","follow":"follow","max-snippet":"max-snippet:-1","max-image-preview":"max-image-preview:large","max-video-preview":"max-video-preview:-1"},"canonical":"https:\/\/www.caprionboard.com\/it\/cookie-policy\/","og_locale":"it_IT","og_type":"article","og_title":"Cookie Policy | Capri on Board","og_description":"Informazioni su questa cookie policyQuesta Cookie Policy spiega cosa sono i cookie e come li utilizziamo. Dovresti leggere questa politica per capire cosa sono i cookie, come li usiamo, i tipi di cookie che utilizziamo, cio\u00e8 le informazioni che raccogliamo utilizzando i cookie e come tali informazioni vengono utilizzate e come controllare le preferenze dei [&hellip;]","og_url":"https:\/\/www.caprionboard.com\/cookie-policy\/","og_site_name":"Capri on Board","article_modified_time":"2020-12-06T09:15:01+00:00","twitter_misc":{"Tempo di lettura stimato":"3 minuti"},"schema":{"@context":"https:\/\/schema.org","@graph":[{"@type":"WebPage","@id":"https:\/\/www.caprionboard.com\/cookie-policy\/","url":"https:\/\/www.caprionboard.com\/cookie-policy\/","name":"Cookie Policy | Capri on Board","isPartOf":{"@id":"https:\/\/www.caprionboard.com\/#website"},"datePublished":"2020-12-06T08:52:26+00:00","dateModified":"2020-12-06T09:15:01+00:00","breadcrumb":{"@id":"https:\/\/www.caprionboard.com\/cookie-policy\/#breadcrumb"},"inLanguage":"it-IT","potentialAction":[{"@type":"ReadAction","target":["https:\/\/www.caprionboard.com\/cookie-policy\/"]}]},{"@type":"BreadcrumbList","@id":"https:\/\/www.caprionboard.com\/cookie-policy\/#breadcrumb","itemListElement":[{"@type":"ListItem","position":1,"name":"Home","item":"https:\/\/www.caprionboard.com\/it\/"},{"@type":"ListItem","position":2,"name":"Cookie Policy"}]},{"@type":"WebSite","@id":"https:\/\/www.caprionboard.com\/#website","url":"https:\/\/www.caprionboard.com\/","name":"Capri on Board","description":"Yacht Management Company","potentialAction":[{"@type":"SearchAction","target":{"@type":"EntryPoint","urlTemplate":"https:\/\/www.caprionboard.com\/?s={search_term_string}"},"query-input":{"@type":"PropertyValueSpecification","valueRequired":true,"valueName":"search_term_string"}}],"inLanguage":"it-IT"}]}},"_links":{"self":[{"href":"https:\/\/www.caprionboard.com\/it\/wp-json\/wp\/v2\/pages\/299","targetHints":{"allow":["GET"]}}],"collection":[{"href":"https:\/\/www.caprionboard.com\/it\/wp-json\/wp\/v2\/pages"}],"about":[{"href":"https:\/\/www.caprionboard.com\/it\/wp-json\/wp\/v2\/types\/page"}],"author":[{"embeddable":true,"href":"https:\/\/www.caprionboard.com\/it\/wp-json\/wp\/v2\/users\/1"}],"replies":[{"embeddable":true,"href":"https:\/\/www.caprionboard.com\/it\/wp-json\/wp\/v2\/comments?post=299"}],"version-history":[{"count":0,"href":"https:\/\/www.caprionboard.com\/it\/wp-json\/wp\/v2\/pages\/299\/revisions"}],"wp:attachment":[{"href":"https:\/\/www.caprionboard.com\/it\/wp-json\/wp\/v2\/media?parent=299"}],"curies":[{"name":"wp","href":"https:\/\/api.w.org\/{rel}","templated":true}]}}