{"id":12,"date":"2020-11-28T09:57:34","date_gmt":"2020-11-28T08:57:34","guid":{"rendered":"https:\/\/www.caprionboard.com\/?page_id=12"},"modified":"2025-10-11T10:49:49","modified_gmt":"2025-10-11T08:49:49","slug":"trasferimenti-privati","status":"publish","type":"page","link":"https:\/\/www.caprionboard.com\/it\/trasferimenti-privati\/","title":{"rendered":"Trasferimenti Privati"},"content":{"rendered":"<!-- Door to door transfer -->\r\n<section class=\"dd-transfer\">\r\n    <div class=\"container\">\r\n    <div class=\"row d-flex align-items-center\">\r\n        <div class=\"col-lg-6\">\r\n        <h2 data-aos=\"fade-up-custom\" data-aos-delay=\"50\">NOLEGGO E ASSISTENZA PRIVATA DI AUTO E BARCHE DI LUSSO <\/h2>\r\n        <h3>Roma - Napoli - Capri \u2013 Costiera Amalfitana \u2013 Ischia \u2013 Sardegna\u2013 Portofino \u2013 Cinque Terre<\/h3>\r\n        <p data-aos=\"fade-in\" data-aos-delay=\"100\">Raggiungere le destinazioni da sogno come <b>Capri, Positano, Amalfi, Ischia o Salerno<\/b> non \u00e8 mai stato cos\u00ec semplice ed elegante: con <b>Capri on Board<\/b> il vostro viaggio inizia gi\u00e0 dall'arrivo in aeroporto. Il nostro esclusivo <b>door to door transfer<\/b> significa che ci occupiamo di tutto: dal ritiro in aeroporto fino all'arrivo in hotel o villa privata, gestendo ogni dettaglio con la massima cura \u2013 dal facchinaggio, all'assistenza in barca, fino al trasferimento a bordo delle nostre <b>Mercedes di lusso<\/b>.<\/p>\r\n        <\/div>\r\n        <div class=\"col-lg-5 offset-lg-1\">\r\n            <div class=\"image-holder\">\r\n                <div class=\"image-block\" data-aos=\"reveal-bottom\"><\/div>\r\n                <img loading=\"lazy\" decoding=\"async\" class=\"main-img\" src=\"https:\/\/www.caprionboard.com\/wp-content\/uploads\/2025\/10\/TRF-0.jpg\" alt=\"Mercedes van on the coast\" width=\"539\" height=\"360\" \/>\r\n            <\/div>\r\n        <\/div>\r\n    <\/div>\r\n    <div class=\"row d-flex align-items-center pt-3\">\r\n        <div class=\"col-lg-6\">\r\n            <div class=\"image-holder\">\r\n                <div class=\"image-block\" data-aos=\"reveal-bottom\"><\/div>\r\n                <img loading=\"lazy\" decoding=\"async\" class=\"main-img\" src=\"https:\/\/www.caprionboard.com\/wp-content\/uploads\/2025\/10\/TRF-1.jpg\" alt=\"Mercedes luxury transfer\" width=\"539\" height=\"360\" \/><br \/>\r\n            <\/div>\r\n        <\/div>\r\n        <div class=\"col-lg-6\">\r\n        <div class=\"image-holder\">\r\n            <div class=\"image-block\" data-aos=\"reveal-bottom\"><\/div>\r\n            <img loading=\"lazy\" decoding=\"async\" class=\"main-img\" src=\"https:\/\/www.caprionboard.com\/wp-content\/uploads\/2025\/10\/TRF-3.jpg\" alt=\"Boat assistance\" width=\"539\" height=\"360\" \/>\r\n        <\/div>\r\n        <\/div>\r\n    <\/div>\r\n    <div class=\"row d-flex align-items-center pt-3\">\r\n        <div class=\"col-lg-12\">\r\n        <p data-aos=\"fade-in\" data-aos-delay=\"100\">Con basi logistiche operative presso la <b>Marina di Capri<\/b>, la <b>Marina di Stabia (Napoli)<\/b> e il porto di <b>Salerno<\/b>, garantiamo un servizio rapido, sicuro e su misura in tutta la <b>Costiera Amalfitana<\/b> e nel <b>Golfo di Napoli<\/b>.<\/p>\r\n        <p data-aos=\"fade-in\" data-aos-delay=\"100\">Che si tratti di un transfer via terra, via mare o via aria, vi offriamo la soluzione perfetta: <b>eleganti van e auto Mercedes, yacht di lusso, motoscafi veloci, jet privati ed elicotteri<\/b> per arrivi e partenze h24, 7 giorni su 7.<\/p>\r\n        <\/div>\r\n    <\/div>\r\n    <div class=\"row d-flex align-items-center pt-3\">\r\n        <div class=\"col-lg-6\">\r\n        <div class=\"image-holder\">\r\n            <div class=\"image-block\" data-aos=\"reveal-bottom\"><\/div>\r\n            <img loading=\"lazy\" decoding=\"async\" class=\"main-img\" src=\"https:\/\/www.caprionboard.com\/wp-content\/uploads\/2025\/10\/TRF-5.jpg\" alt=\"Travel consultation\" width=\"539\" height=\"360\" \/>\r\n        <\/div>\r\n        <\/div>\r\n        <div class=\"col-lg-6\">\r\n        <div class=\"image-holder\">\r\n            <div class=\"image-block\" data-aos=\"reveal-bottom\"><\/div>\r\n            <img loading=\"lazy\" decoding=\"async\" class=\"main-img\" src=\"https:\/\/www.caprionboard.com\/wp-content\/uploads\/2025\/10\/TRF-2.jpg\" alt=\"Luxury yacht transfer\" width=\"539\" height=\"360\" \/>\r\n        <\/div>\r\n        <\/div>\r\n    <\/div>\r\n    <div class=\"row d-flex align-items-center pt-3\">\r\n        <div class=\"col-lg-12\">\r\n        <p data-aos=\"fade-in\" data-aos-delay=\"100\">Oltre a Capri, Napoli e Salerno, raggiungiamo comodamente <b>Ischia, Procida, Positano, Amalfi, Ravello<\/b>, fino a destinazioni pi\u00f9 lontane come <b>Roma o la Costa Smeralda in Sardegna<\/b>. Sempre con la certezza di un viaggio veloce, confortevole e raffinato.<\/p>\r\n        <\/div>\r\n    <\/div>\r\n    <div class=\"row d-flex align-items-center pt-3\">\r\n        <div class=\"col-lg-6\">\r\n        <div class=\"image-holder\">\r\n            <div class=\"image-block\" data-aos=\"reveal-bottom\"><\/div>\r\n            <img loading=\"lazy\" decoding=\"async\" class=\"main-img\" src=\"https:\/\/www.caprionboard.com\/wp-content\/uploads\/2025\/10\/TRF-4.jpg\" alt=\"Luggage handling\" width=\"539\" height=\"360\" \/>\r\n        <\/div>\r\n        <\/div>\r\n        <div class=\"col-lg-6\">\r\n        <div class=\"image-holder\">\r\n            <div class=\"image-block\" data-aos=\"reveal-bottom\"><\/div>\r\n            <img loading=\"lazy\" decoding=\"async\" class=\"main-img\" src=\"https:\/\/www.caprionboard.com\/wp-content\/uploads\/2025\/10\/TRF-6.jpg\" alt=\"Vintage car transfer\" width=\"539\" height=\"360\" \/>\r\n        <\/div>\r\n        <\/div>\r\n    <\/div>\r\n    <div class=\"row d-flex align-items-center pt-3\">\r\n        <div class=\"col-lg-12\">\r\n        <h3 data-aos=\"fade-up-custom\" data-aos-delay=\"50\">Personalizza il tuo transfer: standard elevati e massima affidabilit\u00e0<\/h3>\r\n        <p data-aos=\"fade-in\" data-aos-delay=\"100\">Con <b>Capri on Board<\/b>, un transfer \u00e8 molto pi\u00f9 di un semplice spostamento: \u00e8 un'<b>esperienza<\/b>. Personalizza il tuo viaggio trasformandolo in un momento di piacere: fermati in un <b>beach club<\/b> esclusivo, fai un bagno in una caletta nascosta lungo la costa, oppure goditi una breve crociera prima di arrivare a destinazione finale.<\/p>\r\n        <p data-aos=\"fade-in\" data-aos-delay=\"100\">Offriamo non solo auto di lusso, yacht ed elicotteri, ma anche <b>supporto logistico completo, accoglienza calorosa e assistenza personalizzata<\/b> durante tutto il vostro viaggio.<\/p>\r\n        <p data-aos=\"fade-in\" data-aos-delay=\"100\">Con Capri on Board, il vero lusso non riguarda solo il raggiungere la destinazione, ma il vivere ogni singolo momento del percorso.<\/p>\r\n        <\/div>\r\n    <\/div>\r\n    <\/div>\r\n<\/section>\r\n<\/div>\r\n\r\n <!-- Capri Elicotter -->\r\n<section class=\"elicotteri\">\r\n    <div class=\"light-background\">\r\n    <div class=\"container\">\r\n        <div class=\"row d-flex align-items-center justify-content-center text-center\">\r\n        <div class=\"row pt-0 pb-0\">\r\n            <h2 class=\"mb-0\" data-aos=\"fade-up-custom\" data-aos-delay=\"50\">TRASFERIMENTI IN ELICOTTERO<\/h2>\r\n        <\/div>\r\n        <\/div>\r\n        <div class=\"row d-flex pt-0\">\r\n        <div class=\"col-lg-6\">\r\n            <h3 data-aos=\"fade-up-custom\" data-aos-delay=\"50\">Capri Transfer: <b>Helicopter<\/b> Transfer in Capri, Ravello, Sorrento, Amalfi <b>Coast<\/b>, Ischia, Portofino & Porto Cervo<\/h3>\r\n            <p>Raggiungi la tua destinazione nel modo pi\u00f9 veloce e sicuro con il nostro <b>servizio di elicottero privato<\/b>. Offriamo transfer rapidi e confortevoli con assistenza completa e possibilit\u00e0 di atterraggio su <b>yacht e megayacht<\/b>, <b>hotel esclusivi e ville private<\/b>.<\/p>\r\n\r\n<p>Con <b>Capri On Board<\/b> hai la garanzia di elicotteri selezionati secondo i pi\u00f9 alti standard di affidabilit\u00e0 e sicurezza. Il nostro team \u00e8 a disposizione per offrirti un servizio <b>personalizzato e su misura<\/b>, con <b>assistenza privata h24<\/b>.<\/p>\r\n\r\n<p>Oltre ai transfer, organizziamo e gestiamo:<\/p>\r\n\r\n<ul>\r\n<li><b>Riprese aeree per cinema, film e spot pubblicitari<\/b><\/li>\r\n<li><b>Trasporto materiali e logistica per eventi<\/b><\/li>\r\n<li><b>Esperienze luxury su richiesta in tutta Italia<\/b><\/li>\r\n<\/ul>\r\n\r\n<p>Colleghiamo <b>Capri, Ravello, Sorrento, Costiera Amalfitana, Ischia, Portofino e Porto Cervo<\/b>, offrendo un servizio di eccellenza per chi desidera il massimo in termini di comfort, velocit\u00e0 e sicurezza.<\/p>\r\n\r\n<p>Con <b>Capri On Board<\/b> il tuo viaggio in elicottero diventa parte dell'esperienza esclusiva.<\/p>\r\n            <div class=\"image-holder\">\r\n                <div class=\"image-block\" data-aos=\"reveal-bottom\"><\/div>\r\n                <img loading=\"lazy\" decoding=\"async\" class=\"main-img\" src=\"https:\/\/www.caprionboard.com\/wp-content\/uploads\/2025\/10\/elicottero.jpg\" alt=\"\" width=\"714\" height=\"201\" style=\"object-fit: contain;\" \/><br \/>\r\n            <\/div>\r\n        <\/div>\r\n        <div class=\"col-lg-5 offset-lg-1\">\r\n            <div class=\"image-holder\">\r\n                <div class=\"image-block\" data-aos=\"reveal-bottom\"><\/div>\r\n                <img loading=\"lazy\" decoding=\"async\" class=\"main-img\" src=\"https:\/\/www.caprionboard.com\/wp-content\/uploads\/2020\/12\/elicotteri2.jpg\" alt=\"\" width=\"539\" height=\"545\" \/><br \/>\r\n            <\/div>\r\n        <\/div>\r\n        <\/div>\r\n    <\/div>\r\n    <\/div>\r\n<\/section>","protected":false},"excerpt":{"rendered":"NOLEGGO E ASSISTENZA PRIVATA DI AUTO E BARCHE DI LUSSO Roma &#8211; Napoli &#8211; Capri \u2013 Costiera Amalfitana \u2013 Ischia \u2013 Sardegna\u2013 Portofino \u2013 Cinque Terre Raggiungere le destinazioni da sogno come Capri, Positano, Amalfi, Ischia o Salerno non \u00e8 mai stato cos\u00ec semplice ed elegante: con Capri on Board il vostro viaggio inizia gi\u00e0 [&hellip;]","protected":false},"author":1,"featured_media":116,"parent":0,"menu_order":0,"comment_status":"closed","ping_status":"closed","template":"","meta":{"footnotes":""},"class_list":["post-12","page","type-page","status-publish","has-post-thumbnail","hentry"],"yoast_head":"<!-- This site is optimized with the Yoast SEO plugin v26.1.1 - https:\/\/yoast.com\/wordpress\/plugins\/seo\/ -->\n<title>Transfer privato Capri da Napoli | Transfer Privati | CapriOnBoard<\/title>\n<meta name=\"description\" content=\"Transfer privato a Capri da Napoli. Capri On Board organizza servizi transfer privati con auto e barche di lusso.\" \/>\n<meta name=\"robots\" content=\"index, follow, max-snippet:-1, max-image-preview:large, max-video-preview:-1\" \/>\n<link rel=\"canonical\" href=\"https:\/\/www.caprionboard.com\/it\/trasferimenti-privati\/\" \/>\n<meta property=\"og:locale\" content=\"it_IT\" \/>\n<meta property=\"og:type\" content=\"article\" \/>\n<meta property=\"og:title\" content=\"Transfer privato Capri da Napoli | Transfer Privati | CapriOnBoard\" \/>\n<meta property=\"og:description\" content=\"Transfer privato a Capri da Napoli. Capri On Board organizza servizi transfer privati con auto e barche di lusso.\" \/>\n<meta property=\"og:url\" content=\"https:\/\/www.caprionboard.com\/it\/trasferimenti-privati\/\" \/>\n<meta property=\"og:site_name\" content=\"Capri on Board\" \/>\n<meta property=\"article:modified_time\" content=\"2025-10-11T08:49:49+00:00\" \/>\n<meta property=\"og:image\" content=\"https:\/\/www.caprionboard.com\/wp-content\/uploads\/2020\/12\/header-transfer.jpg\" \/>\n\t<meta property=\"og:image:width\" content=\"1200\" \/>\n\t<meta property=\"og:image:height\" content=\"375\" \/>\n\t<meta property=\"og:image:type\" content=\"image\/jpeg\" \/>\n<meta name=\"twitter:label1\" content=\"Tempo di lettura stimato\" \/>\n\t<meta name=\"twitter:data1\" content=\"7 minuti\" \/>\n<script type=\"application\/ld+json\" class=\"yoast-schema-graph\">{\"@context\":\"https:\/\/schema.org\",\"@graph\":[{\"@type\":\"WebPage\",\"@id\":\"https:\/\/www.caprionboard.com\/it\/trasferimenti-privati\/\",\"url\":\"https:\/\/www.caprionboard.com\/it\/trasferimenti-privati\/\",\"name\":\"Transfer privato Capri da Napoli | Transfer Privati | CapriOnBoard\",\"isPartOf\":{\"@id\":\"https:\/\/www.caprionboard.com\/#website\"},\"primaryImageOfPage\":{\"@id\":\"https:\/\/www.caprionboard.com\/it\/trasferimenti-privati\/#primaryimage\"},\"image\":{\"@id\":\"https:\/\/www.caprionboard.com\/it\/trasferimenti-privati\/#primaryimage\"},\"thumbnailUrl\":\"https:\/\/www.caprionboard.com\/wp-content\/uploads\/2020\/12\/header-transfer.jpg\",\"datePublished\":\"2020-11-28T08:57:34+00:00\",\"dateModified\":\"2025-10-11T08:49:49+00:00\",\"description\":\"Transfer privato a Capri da Napoli. Capri On Board organizza servizi transfer privati con auto e barche di lusso.\",\"breadcrumb\":{\"@id\":\"https:\/\/www.caprionboard.com\/it\/trasferimenti-privati\/#breadcrumb\"},\"inLanguage\":\"it-IT\",\"potentialAction\":[{\"@type\":\"ReadAction\",\"target\":[\"https:\/\/www.caprionboard.com\/it\/trasferimenti-privati\/\"]}]},{\"@type\":\"ImageObject\",\"inLanguage\":\"it-IT\",\"@id\":\"https:\/\/www.caprionboard.com\/it\/trasferimenti-privati\/#primaryimage\",\"url\":\"https:\/\/www.caprionboard.com\/wp-content\/uploads\/2020\/12\/header-transfer.jpg\",\"contentUrl\":\"https:\/\/www.caprionboard.com\/wp-content\/uploads\/2020\/12\/header-transfer.jpg\",\"width\":1200,\"height\":375},{\"@type\":\"BreadcrumbList\",\"@id\":\"https:\/\/www.caprionboard.com\/it\/trasferimenti-privati\/#breadcrumb\",\"itemListElement\":[{\"@type\":\"ListItem\",\"position\":1,\"name\":\"Home\",\"item\":\"https:\/\/www.caprionboard.com\/it\/\"},{\"@type\":\"ListItem\",\"position\":2,\"name\":\"Trasferimenti Privati\"}]},{\"@type\":\"WebSite\",\"@id\":\"https:\/\/www.caprionboard.com\/#website\",\"url\":\"https:\/\/www.caprionboard.com\/\",\"name\":\"Capri on Board\",\"description\":\"Yacht Management Company\",\"potentialAction\":[{\"@type\":\"SearchAction\",\"target\":{\"@type\":\"EntryPoint\",\"urlTemplate\":\"https:\/\/www.caprionboard.com\/?s={search_term_string}\"},\"query-input\":{\"@type\":\"PropertyValueSpecification\",\"valueRequired\":true,\"valueName\":\"search_term_string\"}}],\"inLanguage\":\"it-IT\"}]}<\/script>\n<!-- \/ Yoast SEO plugin. -->","yoast_head_json":{"title":"Transfer privato Capri da Napoli | Transfer Privati | CapriOnBoard","description":"Transfer privato a Capri da Napoli. Capri On Board organizza servizi transfer privati con auto e barche di lusso.","robots":{"index":"index","follow":"follow","max-snippet":"max-snippet:-1","max-image-preview":"max-image-preview:large","max-video-preview":"max-video-preview:-1"},"canonical":"https:\/\/www.caprionboard.com\/it\/trasferimenti-privati\/","og_locale":"it_IT","og_type":"article","og_title":"Transfer privato Capri da Napoli | Transfer Privati | CapriOnBoard","og_description":"Transfer privato a Capri da Napoli. Capri On Board organizza servizi transfer privati con auto e barche di lusso.","og_url":"https:\/\/www.caprionboard.com\/it\/trasferimenti-privati\/","og_site_name":"Capri on Board","article_modified_time":"2025-10-11T08:49:49+00:00","og_image":[{"width":1200,"height":375,"url":"https:\/\/www.caprionboard.com\/wp-content\/uploads\/2020\/12\/header-transfer.jpg","type":"image\/jpeg"}],"twitter_misc":{"Tempo di lettura stimato":"7 minuti"},"schema":{"@context":"https:\/\/schema.org","@graph":[{"@type":"WebPage","@id":"https:\/\/www.caprionboard.com\/it\/trasferimenti-privati\/","url":"https:\/\/www.caprionboard.com\/it\/trasferimenti-privati\/","name":"Transfer privato Capri da Napoli | Transfer Privati | CapriOnBoard","isPartOf":{"@id":"https:\/\/www.caprionboard.com\/#website"},"primaryImageOfPage":{"@id":"https:\/\/www.caprionboard.com\/it\/trasferimenti-privati\/#primaryimage"},"image":{"@id":"https:\/\/www.caprionboard.com\/it\/trasferimenti-privati\/#primaryimage"},"thumbnailUrl":"https:\/\/www.caprionboard.com\/wp-content\/uploads\/2020\/12\/header-transfer.jpg","datePublished":"2020-11-28T08:57:34+00:00","dateModified":"2025-10-11T08:49:49+00:00","description":"Transfer privato a Capri da Napoli. Capri On Board organizza servizi transfer privati con auto e barche di lusso.","breadcrumb":{"@id":"https:\/\/www.caprionboard.com\/it\/trasferimenti-privati\/#breadcrumb"},"inLanguage":"it-IT","potentialAction":[{"@type":"ReadAction","target":["https:\/\/www.caprionboard.com\/it\/trasferimenti-privati\/"]}]},{"@type":"ImageObject","inLanguage":"it-IT","@id":"https:\/\/www.caprionboard.com\/it\/trasferimenti-privati\/#primaryimage","url":"https:\/\/www.caprionboard.com\/wp-content\/uploads\/2020\/12\/header-transfer.jpg","contentUrl":"https:\/\/www.caprionboard.com\/wp-content\/uploads\/2020\/12\/header-transfer.jpg","width":1200,"height":375},{"@type":"BreadcrumbList","@id":"https:\/\/www.caprionboard.com\/it\/trasferimenti-privati\/#breadcrumb","itemListElement":[{"@type":"ListItem","position":1,"name":"Home","item":"https:\/\/www.caprionboard.com\/it\/"},{"@type":"ListItem","position":2,"name":"Trasferimenti Privati"}]},{"@type":"WebSite","@id":"https:\/\/www.caprionboard.com\/#website","url":"https:\/\/www.caprionboard.com\/","name":"Capri on Board","description":"Yacht Management Company","potentialAction":[{"@type":"SearchAction","target":{"@type":"EntryPoint","urlTemplate":"https:\/\/www.caprionboard.com\/?s={search_term_string}"},"query-input":{"@type":"PropertyValueSpecification","valueRequired":true,"valueName":"search_term_string"}}],"inLanguage":"it-IT"}]}},"_links":{"self":[{"href":"https:\/\/www.caprionboard.com\/it\/wp-json\/wp\/v2\/pages\/12","targetHints":{"allow":["GET"]}}],"collection":[{"href":"https:\/\/www.caprionboard.com\/it\/wp-json\/wp\/v2\/pages"}],"about":[{"href":"https:\/\/www.caprionboard.com\/it\/wp-json\/wp\/v2\/types\/page"}],"author":[{"embeddable":true,"href":"https:\/\/www.caprionboard.com\/it\/wp-json\/wp\/v2\/users\/1"}],"replies":[{"embeddable":true,"href":"https:\/\/www.caprionboard.com\/it\/wp-json\/wp\/v2\/comments?post=12"}],"version-history":[{"count":0,"href":"https:\/\/www.caprionboard.com\/it\/wp-json\/wp\/v2\/pages\/12\/revisions"}],"wp:featuredmedia":[{"embeddable":true,"href":"https:\/\/www.caprionboard.com\/it\/wp-json\/wp\/v2\/media\/116"}],"wp:attachment":[{"href":"https:\/\/www.caprionboard.com\/it\/wp-json\/wp\/v2\/media?parent=12"}],"curies":[{"name":"wp","href":"https:\/\/api.w.org\/{rel}","templated":true}]}}